{"id":8984,"date":"2023-08-28T15:57:18","date_gmt":"2023-08-28T14:57:18","guid":{"rendered":"https:\/\/poppers-original.com\/narocilo-in-vracilo\/"},"modified":"2024-03-28T08:06:18","modified_gmt":"2024-03-28T07:06:18","slug":"narocilo-in-vracilo","status":"publish","type":"page","link":"https:\/\/poppers-original.com\/sl\/narocilo-in-vracilo\/","title":{"rendered":"Naro\u010dilo &#038; vra\u010dila"},"content":{"rendered":"\t\t<div data-elementor-type=\"wp-page\" data-elementor-id=\"8984\" class=\"elementor elementor-8984 elementor-6227\">\n\t\t\t\t\t\t<section class=\"elementor-section elementor-top-section elementor-element elementor-element-8df88c7 elementor-section-boxed elementor-section-height-default elementor-section-height-default\" data-id=\"8df88c7\" data-element_type=\"section\" data-e-type=\"section\">\n\t\t\t\t\t\t<div class=\"elementor-container elementor-column-gap-default\">\n\t\t\t\t\t<div class=\"elementor-column elementor-col-100 elementor-top-column elementor-element elementor-element-5399d5a\" data-id=\"5399d5a\" data-element_type=\"column\" data-e-type=\"column\">\n\t\t\t<div class=\"elementor-widget-wrap elementor-element-populated\">\n\t\t\t\t\t\t<div class=\"elementor-element elementor-element-ebab300 elementor-widget elementor-widget-spacer\" data-id=\"ebab300\" data-element_type=\"widget\" data-e-type=\"widget\" data-widget_type=\"spacer.default\">\n\t\t\t\t<div class=\"elementor-widget-container\">\n\t\t\t\t\t\t\t<div class=\"elementor-spacer\">\n\t\t\t<div class=\"elementor-spacer-inner\"><\/div>\n\t\t<\/div>\n\t\t\t\t\t\t<\/div>\n\t\t\t\t<\/div>\n\t\t\t\t<div class=\"elementor-element elementor-element-a27d7dc elementor-widget elementor-widget-heading\" data-id=\"a27d7dc\" data-element_type=\"widget\" data-e-type=\"widget\" data-widget_type=\"heading.default\">\n\t\t\t\t<div class=\"elementor-widget-container\">\n\t\t\t\t\t<h2 class=\"elementor-heading-title elementor-size-default\">Informacije glede naro\u010danja:<\/h2>\t\t\t\t<\/div>\n\t\t\t\t<\/div>\n\t\t\t\t<div class=\"elementor-element elementor-element-7d1ac6f elementor-widget elementor-widget-text-editor\" data-id=\"7d1ac6f\" data-element_type=\"widget\" data-e-type=\"widget\" data-widget_type=\"text-editor.default\">\n\t\t\t\t<div class=\"elementor-widget-container\">\n\t\t\t\t\t\t\t\t\t<p><strong>Naro\u010danje blaga v spletni trgovini Poppers-Original<\/strong><\/p><p><strong>1. Naro\u010dilo preko spletne strani (poppers-original.com):<\/strong><\/p><ul><li>Izberite \u017eeleni izdelek ter koli\u010dino in nato kliknite &#8220;Dodaj v ko\u0161arico&#8221;.<\/li><li>Na strani &#8220;Nakupovalna ko\u0161arica&#8221; lahko prilagodite koli\u010dine, odstranite elemente ali uporabite kodo za popuste.<\/li><li>Za nadaljevanje na stran za vpis podatkov za dostavo kliknite &#8220;Nadaljuj z blagajno&#8221;.<ul><li>Navedite svoje podatke za dostavo in informacije o naro\u010dilu.<\/li><li>\u010ce je potreben drug naslov za ra\u010dun, prosimo izpolnite ustrezno polje.<\/li><li>Na\u0161 partner za dostavo paketov DHL Express je samodejno izbran, saj gre za na\u0161ega ekskluzivnega poslovnega partnerja. Kon\u010dna cena dostave se izra\u010duna glede na dr\u017eavo, izbrano na strani zaklju\u010dka nakupa.<\/li><li>Preglejte vpisane podatke in potrdite svoje naro\u010dilo. Po nakupu bo poslana elektronska po\u0161ta s potrditvijo naro\u010dila.<\/li><\/ul><\/li><li>Po \u017eelji se lahko naro\u010dite na na\u0161e e-novi\u010dke in ste tako vedno seznanjeni s popusti in posebnimi ponudbami. Prosimo ozna\u010dite, \u010de \u017eelite prejemati tovrstna sporo\u010dila.\u00a0<\/li><li>Potrditev naro\u010dila avtomatsko pomeni strinjanje s pogoji in varnostnim listom (angl. Safety data sheet), vezanim na kupljene produkte na spletni strani <a href=\"https:\/\/poppers-original.com\/\" target=\"_new\">www.poppers-original.com<\/a>.<\/li><li>Za dodatne informacije o cenah dostave in pragovih za brezpla\u010dno dostavo obi\u0161\u010dite na\u0161o stran z informacijam o dostavi.<\/li><\/ul><p><strong>2. <\/strong><b>Naro\u010dilo preko e-po\u0161te, Facebooka, WhatsAppa ali Instagrama:<\/b><\/p><p><span style=\"font-family: inherit; font-size: 1em; color: var( --e-global-color-text ); font-weight: var( --e-global-typography-text-font-weight );\">Navedite svoje ime, naslov za dostavo, telefonsko \u0161tevilko in podatke o izdelku, ki ga \u017eelite kupiti. Na\u0161i predstavniki za podporo strankam vam bodo nato pomagali med celotnim postopkom nakupa, od izbire izdelka do potrditve naro\u010dila.<\/span><\/p>\t\t\t\t\t\t\t\t<\/div>\n\t\t\t\t<\/div>\n\t\t\t\t\t<\/div>\n\t\t<\/div>\n\t\t\t\t\t<\/div>\n\t\t<\/section>\n\t\t\t\t<section class=\"elementor-section elementor-top-section elementor-element elementor-element-7bed6dc elementor-section-boxed elementor-section-height-default elementor-section-height-default\" data-id=\"7bed6dc\" data-element_type=\"section\" data-e-type=\"section\">\n\t\t\t\t\t\t<div class=\"elementor-container elementor-column-gap-default\">\n\t\t\t\t\t<div class=\"elementor-column elementor-col-100 elementor-top-column elementor-element elementor-element-53ff768\" data-id=\"53ff768\" data-element_type=\"column\" data-e-type=\"column\">\n\t\t\t<div class=\"elementor-widget-wrap elementor-element-populated\">\n\t\t\t\t\t\t<div class=\"elementor-element elementor-element-37a3643 elementor-widget elementor-widget-spacer\" data-id=\"37a3643\" data-element_type=\"widget\" data-e-type=\"widget\" data-widget_type=\"spacer.default\">\n\t\t\t\t<div class=\"elementor-widget-container\">\n\t\t\t\t\t\t\t<div class=\"elementor-spacer\">\n\t\t\t<div class=\"elementor-spacer-inner\"><\/div>\n\t\t<\/div>\n\t\t\t\t\t\t<\/div>\n\t\t\t\t<\/div>\n\t\t\t\t<div class=\"elementor-element elementor-element-6e7e581 elementor-widget elementor-widget-heading\" data-id=\"6e7e581\" data-element_type=\"widget\" data-e-type=\"widget\" data-widget_type=\"heading.default\">\n\t\t\t\t<div class=\"elementor-widget-container\">\n\t\t\t\t\t<h2 class=\"elementor-heading-title elementor-size-default\">Pravica do odpovedi od pogodbe<\/h2>\t\t\t\t<\/div>\n\t\t\t\t<\/div>\n\t\t\t\t<div class=\"elementor-element elementor-element-8135bfb elementor-widget elementor-widget-text-editor\" data-id=\"8135bfb\" data-element_type=\"widget\" data-e-type=\"widget\" data-widget_type=\"text-editor.default\">\n\t\t\t\t<div class=\"elementor-widget-container\">\n\t\t\t\t\t\t\t\t\t<p>V 14 dneh po prejemu izdelka imate pravico odstopiti od pogodbe brez navedbe razloga. \u010ce z izdelkom niste zadovoljni, lahko zahtevate vra\u010dilo denarja ali ga zamenjate za nov izdelek. Kupljene izdelke morate vrniti. Vra\u010dilo in zamenjava nista mogo\u010da, \u010de zamudite zakonsko predpisani rok, ki za\u010dne te\u010di na dan, ko vi ali tretja oseba (ne prevoznik), ki jo dolo\u010dite, dejansko prevzame blago.<\/p><p>Izdelek, ki ga \u017eelite vrniti ali zamenjati, mora biti nepo\u0161kodovan, prilo\u017eiti pa morate tudi originalno in nepo\u0161kodovano embala\u017eo z vsemi dodatki in izdelki. V primeru po\u0161kodbe, pretirane uporabe izdelka ali njegove po\u0161kodovane embala\u017ee, si trgovina pridr\u017euje pravico zahtevati od\u0161kodnino v vi\u0161ini zmanj\u0161ane vrednosti kupljenega izdelka. Ko odstopite od pogodbe, izdelka ne smete ve\u010d uporabljati.<\/p><p>\u010ce se ugotovi, da je kupec izdelek pregledal in preizkusil le do tolik\u0161ne mere, kot je bila potrebna za ugotovitev njegovega dejanskega stanja, preden je zahteval odstop od pogodbe, bo zahtevek uspe\u0161no re\u0161en.<br \/>V nasprotnem primeru bo delno re\u0161en ali nere\u0161en.<\/p><p>V 14 dneh po prejemu izdelka nas o preklicu obvestite po e-po\u0161ti na naslov <a href=\"mailto:info@poppers-original.com\" target=\"_new\">info@poppers-original.com<\/a>. Kot zadevo (angl. subject) e-po\u0161tnega sporo\u010dila uporabite \u0161tevilko naro\u010dila. V\u00a0 elektronsko po\u0161to vklju\u010dite svoje ime in priimek ter ime izdelka. Po oddaji zahtevka imate 14 dni \u010dasa, da paket vrnete na na\u0161 naslov. Prosimo vas, da prilo\u017eite evropski standardni obrazec za odstop od pogodbe.<br \/>Obrazec natisnite, izpolnite ter podpi\u0161ite ter ga po\u0161ljite v paketu skupaj z izdelkom.<br \/>Svetujemo, da po\u0161ljete paket in si priskrbite mo\u017enost sledenja. Ne pozabite shraniti ra\u010duna.<br \/>Stro\u0161ke po\u0161iljanja za vra\u010dilo izdelka krijete vi, paketov s pla\u010dilom po povzetju pa ne sprejemamo.<\/p><p>Ko na\u0161 oddelek za reklamacije prejme in pregleda va\u0161 zahtevek, vam bomo nemudoma poslali nov izdelek ali povrnili kupnino v 14 dneh.\u00a0 \u010ce ste pla\u010dilo opravili s kreditno kartico, sistemom PayPal ali ban\u010dnim nakazilom, bo vra\u010dilo nakazano na transakcijski ra\u010dun predhodno izbrane pla\u010dilne metode. Povrnili vam bomo celoten stro\u0161ek nakupa, vklju\u010dno s stro\u0161ki po\u0161iljanja.<\/p><p><strong>Opozorilo:<\/strong> Pred po\u0161iljanjem se prepri\u010dajte, da je bil izdelek kupljen v na\u0161i spletni trgovini in ga je mogo\u010de vrniti (glejte spodnje izjeme in roke za vra\u010dilo).<br \/>Ne odgovarjamo za morebitne napake, \u010de recimo po\u0161ljete izdelek, ki ni bil kupljen v na\u0161i trgovini, ali izdelek, ki ga ni mogo\u010de vrniti ali je rok za vra\u010dilo potekel.<\/p><p><strong>Izjeme pri vra\u010danju:<\/strong><\/p><ul><li>Izdelki, ki jih iz higienskih razlogov ni mogo\u010de vrniti (npr. odprte stekleni\u010dke \u010distila za usnje in drugi izdelki, ki po odprtju niso primerni za nadaljnjo prodajo). Tak\u0161no higiensko blago, ki se prodaja v zaprti embala\u017ei, je mogo\u010de vrniti le v originalni, nepo\u0161kodovani in neodprti embala\u017ei. \u010ce tak\u0161ne izdelke prejmemo v po\u0161kodovani ali odprti embala\u017ei, si pridr\u017eujemo pravico do zavrnitve vra\u010dila kupnine.<\/li><li>Predmeti, ki so nelo\u010dljivo povezani z drugimi predmeti v paketu (npr. kompleti, izdelki presene\u010denja).<\/li><\/ul>\t\t\t\t\t\t\t\t<\/div>\n\t\t\t\t<\/div>\n\t\t\t\t\t<\/div>\n\t\t<\/div>\n\t\t\t\t\t<\/div>\n\t\t<\/section>\n\t\t\t\t<section class=\"elementor-section elementor-top-section elementor-element elementor-element-f11e2a7 elementor-section-boxed elementor-section-height-default elementor-section-height-default\" data-id=\"f11e2a7\" data-element_type=\"section\" data-e-type=\"section\">\n\t\t\t\t\t\t<div class=\"elementor-container elementor-column-gap-default\">\n\t\t\t\t\t<div class=\"elementor-column elementor-col-100 elementor-top-column elementor-element elementor-element-495df3e\" data-id=\"495df3e\" data-element_type=\"column\" data-e-type=\"column\">\n\t\t\t<div class=\"elementor-widget-wrap elementor-element-populated\">\n\t\t\t\t\t\t<div class=\"elementor-element elementor-element-837187a elementor-widget elementor-widget-heading\" data-id=\"837187a\" data-element_type=\"widget\" data-e-type=\"widget\" data-widget_type=\"heading.default\">\n\t\t\t\t<div class=\"elementor-widget-container\">\n\t\t\t\t\t<h2 class=\"elementor-heading-title elementor-size-default\">Prito\u017ebe in to\u017ebe<\/h2>\t\t\t\t<\/div>\n\t\t\t\t<\/div>\n\t\t\t\t<div class=\"elementor-element elementor-element-4886f9a elementor-widget elementor-widget-text-editor\" data-id=\"4886f9a\" data-element_type=\"widget\" data-e-type=\"widget\" data-widget_type=\"text-editor.default\">\n\t\t\t\t<div class=\"elementor-widget-container\">\n\t\t\t\t\t\t\t\t\t<p><strong>Prito\u017ebe glede dostave:<\/strong><\/p><p>\u010ce je bil izdelek med prevozom po\u0161kodovan ali se ne ujema z va\u0161im naro\u010dilom (napa\u010den ali manjkajo\u010d element), nas o tem obvestite na elektronski naslov <a href=\"mailto:info@poppers-original.si\" target=\"_new\">info@poppers-original.si<\/a> najkasneje v 48 urah po dostavi. Na samodejni\/avtomatski odgovor se odzovite s fotografijami paketa (z vidno etiketo) in fotografijami po\u0161kodovanih izdelkov. Va\u0161o prito\u017ebo bomo obravnavali prednostno. V naprej se vam tudi opravi\u010dujemo za vse nev\u0161e\u010dnosti.<\/p><p><strong>Prito\u017eba v zvezi z izdelkom ali storitvijo:<\/strong><\/p><p>\u010ce va\u0161 izdelek ne deluje pravilno, nam pi\u0161ite na <a href=\"mailto:info@poppers-original.si\" target=\"_new\">info@poppers-original.si<\/a>. Na samodejni odgovor se odzovite z videoposnetkom, ki jasno prikazuje okvaro.<br \/>\u010ce napaka preko videoposnetka ni razvidna, vas prosimo, da izdelek vrnete, na\u0161i zaposleni pa bodo opravili dodaten pregled.<br \/>Stro\u0161ke po\u0161iljanja nosite vi, paketov s pla\u010dilom po povzetju ne sprejemamo.<\/p><p><strong>Spori<\/strong><\/p><p>\u010ce imate prito\u017ebo glede na\u0161ega izdelka ali storitve in se ne strinjate z na\u0161o re\u0161itvijo ali ne morete dose\u010di \u017eeljenega dogovora, prito\u017ebo predlo\u017eite odboru za re\u0161evanje sporov prek evropske platforme za re\u0161evanje sporov <a href=\"http:\/\/ec.europa.eu\/consumers\/odr\/\" target=\"_new\">http:\/\/ec.europa.eu\/consumers\/odr\/<\/a>.<\/p><p><strong>Pozitivno bodo re\u0161eni le tisti zahtevki, ki bodo izpolnjevali vse zgoraj navedene pogoje.<\/strong><\/p><p>Ve\u010d o splo\u0161nih pogojih in dolo\u010dilih ter drugih politikah podjetja najdete v povezavah na dnu strani (v nogi).<\/p>\t\t\t\t\t\t\t\t<\/div>\n\t\t\t\t<\/div>\n\t\t\t\t\t<\/div>\n\t\t<\/div>\n\t\t\t\t\t<\/div>\n\t\t<\/section>\n\t\t\t\t<\/div>\n\t\t","protected":false},"excerpt":{"rendered":"<p>Informacije glede naro\u010danja: Naro\u010danje blaga v spletni trgovini Poppers-Original 1. Naro\u010dilo preko spletne strani (poppers-original.com): Izberite \u017eeleni izdelek ter koli\u010dino in nato kliknite &#8220;Dodaj v ko\u0161arico&#8221;. Na strani &#8220;Nakupovalna ko\u0161arica&#8221; lahko prilagodite koli\u010dine, odstranite elemente ali uporabite kodo za popuste. Za nadaljevanje na stran za vpis podatkov za dostavo kliknite &#8220;Nadaljuj z blagajno&#8221;. Navedite svoje [&hellip;]<\/p>\n","protected":false},"author":6,"featured_media":0,"parent":0,"menu_order":0,"comment_status":"closed","ping_status":"closed","template":"","meta":{"_acf_changed":false,"footnotes":""},"class_list":["post-8984","page","type-page","status-publish","hentry"],"acf":[],"yoast_head":"<!-- This site is optimized with the Yoast SEO Premium plugin v27.3 (Yoast SEO v27.3) - https:\/\/yoast.com\/product\/yoast-seo-premium-wordpress\/ -->\n<title>Naro\u010dilo &amp; vra\u010dila - Poppers Original<\/title>\n<meta name=\"robots\" content=\"index, follow, max-snippet:-1, max-image-preview:large, max-video-preview:-1\" \/>\n<link rel=\"canonical\" href=\"https:\/\/poppers-original.com\/sl\/narocilo-in-vracilo\/\" \/>\n<meta property=\"og:locale\" content=\"sl_SI\" \/>\n<meta property=\"og:type\" content=\"article\" \/>\n<meta property=\"og:title\" content=\"Naro\u010dilo &amp; vra\u010dila\" \/>\n<meta property=\"og:description\" content=\"Informacije glede naro\u010danja: Naro\u010danje blaga v spletni trgovini Poppers-Original 1. Naro\u010dilo preko spletne strani (poppers-original.com): Izberite \u017eeleni izdelek ter koli\u010dino in nato kliknite &#8220;Dodaj v ko\u0161arico&#8221;. Na strani &#8220;Nakupovalna ko\u0161arica&#8221; lahko prilagodite koli\u010dine, odstranite elemente ali uporabite kodo za popuste. Za nadaljevanje na stran za vpis podatkov za dostavo kliknite &#8220;Nadaljuj z blagajno&#8221;. Navedite svoje [&hellip;]\" \/>\n<meta property=\"og:url\" content=\"https:\/\/poppers-original.com\/sl\/narocilo-in-vracilo\/\" \/>\n<meta property=\"og:site_name\" content=\"USA &amp; UK Poppers Sale, Buy Poppers online\" \/>\n<meta property=\"article:modified_time\" content=\"2024-03-28T07:06:18+00:00\" \/>\n<meta name=\"twitter:card\" content=\"summary_large_image\" \/>\n<meta name=\"twitter:label1\" content=\"Est. reading time\" \/>\n\t<meta name=\"twitter:data1\" content=\"5 minut\" \/>\n<script type=\"application\/ld+json\" class=\"yoast-schema-graph\">{\"@context\":\"https:\\\/\\\/schema.org\",\"@graph\":[{\"@type\":\"WebPage\",\"@id\":\"https:\\\/\\\/poppers-original.com\\\/sl\\\/narocilo-in-vracilo\\\/\",\"url\":\"https:\\\/\\\/poppers-original.com\\\/sl\\\/narocilo-in-vracilo\\\/\",\"name\":\"Naro\u010dilo & vra\u010dila - Poppers Original\",\"isPartOf\":{\"@id\":\"https:\\\/\\\/poppers-original.com\\\/sl\\\/#website\"},\"datePublished\":\"2023-08-28T14:57:18+00:00\",\"dateModified\":\"2024-03-28T07:06:18+00:00\",\"breadcrumb\":{\"@id\":\"https:\\\/\\\/poppers-original.com\\\/sl\\\/narocilo-in-vracilo\\\/#breadcrumb\"},\"inLanguage\":\"sl-SI\",\"potentialAction\":[{\"@type\":\"ReadAction\",\"target\":[\"https:\\\/\\\/poppers-original.com\\\/sl\\\/narocilo-in-vracilo\\\/\"]}]},{\"@type\":\"BreadcrumbList\",\"@id\":\"https:\\\/\\\/poppers-original.com\\\/sl\\\/narocilo-in-vracilo\\\/#breadcrumb\",\"itemListElement\":[{\"@type\":\"ListItem\",\"position\":1,\"name\":\"Home\",\"item\":\"https:\\\/\\\/poppers-original.com\\\/sl\\\/\"},{\"@type\":\"ListItem\",\"position\":2,\"name\":\"Naro\u010dilo &#038; vra\u010dila\"}]},{\"@type\":\"WebSite\",\"@id\":\"https:\\\/\\\/poppers-original.com\\\/sl\\\/#website\",\"url\":\"https:\\\/\\\/poppers-original.com\\\/sl\\\/\",\"name\":\"Poppers Original, Buy Poppers online\",\"description\":\"Poppers Original\",\"publisher\":{\"@id\":\"https:\\\/\\\/poppers-original.com\\\/sl\\\/#organization\"},\"potentialAction\":[{\"@type\":\"SearchAction\",\"target\":{\"@type\":\"EntryPoint\",\"urlTemplate\":\"https:\\\/\\\/poppers-original.com\\\/sl\\\/?s={search_term_string}\"},\"query-input\":{\"@type\":\"PropertyValueSpecification\",\"valueRequired\":true,\"valueName\":\"search_term_string\"}}],\"inLanguage\":\"sl-SI\"},{\"@type\":\"Organization\",\"@id\":\"https:\\\/\\\/poppers-original.com\\\/sl\\\/#organization\",\"name\":\"Poppers Original, Buy Poppers online\",\"url\":\"https:\\\/\\\/poppers-original.com\\\/sl\\\/\",\"logo\":{\"@type\":\"ImageObject\",\"inLanguage\":\"sl-SI\",\"@id\":\"https:\\\/\\\/poppers-original.com\\\/sl\\\/#\\\/schema\\\/logo\\\/image\\\/\",\"url\":\"https:\\\/\\\/poppers-original.com\\\/wp-content\\\/uploads\\\/2023\\\/05\\\/poppers-original-logo.png\",\"contentUrl\":\"https:\\\/\\\/poppers-original.com\\\/wp-content\\\/uploads\\\/2023\\\/05\\\/poppers-original-logo.png\",\"width\":790,\"height\":150,\"caption\":\"Poppers Original, Buy Poppers online\"},\"image\":{\"@id\":\"https:\\\/\\\/poppers-original.com\\\/sl\\\/#\\\/schema\\\/logo\\\/image\\\/\"}}]}<\/script>\n<!-- \/ Yoast SEO Premium plugin. -->","yoast_head_json":{"title":"Naro\u010dilo & vra\u010dila - Poppers Original","robots":{"index":"index","follow":"follow","max-snippet":"max-snippet:-1","max-image-preview":"max-image-preview:large","max-video-preview":"max-video-preview:-1"},"canonical":"https:\/\/poppers-original.com\/sl\/narocilo-in-vracilo\/","og_locale":"sl_SI","og_type":"article","og_title":"Naro\u010dilo & vra\u010dila","og_description":"Informacije glede naro\u010danja: Naro\u010danje blaga v spletni trgovini Poppers-Original 1. Naro\u010dilo preko spletne strani (poppers-original.com): Izberite \u017eeleni izdelek ter koli\u010dino in nato kliknite &#8220;Dodaj v ko\u0161arico&#8221;. Na strani &#8220;Nakupovalna ko\u0161arica&#8221; lahko prilagodite koli\u010dine, odstranite elemente ali uporabite kodo za popuste. Za nadaljevanje na stran za vpis podatkov za dostavo kliknite &#8220;Nadaljuj z blagajno&#8221;. Navedite svoje [&hellip;]","og_url":"https:\/\/poppers-original.com\/sl\/narocilo-in-vracilo\/","og_site_name":"USA &amp; UK Poppers Sale, Buy Poppers online","article_modified_time":"2024-03-28T07:06:18+00:00","twitter_card":"summary_large_image","twitter_misc":{"Est. reading time":"5 minut"},"schema":{"@context":"https:\/\/schema.org","@graph":[{"@type":"WebPage","@id":"https:\/\/poppers-original.com\/sl\/narocilo-in-vracilo\/","url":"https:\/\/poppers-original.com\/sl\/narocilo-in-vracilo\/","name":"Naro\u010dilo & vra\u010dila - Poppers Original","isPartOf":{"@id":"https:\/\/poppers-original.com\/sl\/#website"},"datePublished":"2023-08-28T14:57:18+00:00","dateModified":"2024-03-28T07:06:18+00:00","breadcrumb":{"@id":"https:\/\/poppers-original.com\/sl\/narocilo-in-vracilo\/#breadcrumb"},"inLanguage":"sl-SI","potentialAction":[{"@type":"ReadAction","target":["https:\/\/poppers-original.com\/sl\/narocilo-in-vracilo\/"]}]},{"@type":"BreadcrumbList","@id":"https:\/\/poppers-original.com\/sl\/narocilo-in-vracilo\/#breadcrumb","itemListElement":[{"@type":"ListItem","position":1,"name":"Home","item":"https:\/\/poppers-original.com\/sl\/"},{"@type":"ListItem","position":2,"name":"Naro\u010dilo &#038; vra\u010dila"}]},{"@type":"WebSite","@id":"https:\/\/poppers-original.com\/sl\/#website","url":"https:\/\/poppers-original.com\/sl\/","name":"Poppers Original, Buy Poppers online","description":"Poppers Original","publisher":{"@id":"https:\/\/poppers-original.com\/sl\/#organization"},"potentialAction":[{"@type":"SearchAction","target":{"@type":"EntryPoint","urlTemplate":"https:\/\/poppers-original.com\/sl\/?s={search_term_string}"},"query-input":{"@type":"PropertyValueSpecification","valueRequired":true,"valueName":"search_term_string"}}],"inLanguage":"sl-SI"},{"@type":"Organization","@id":"https:\/\/poppers-original.com\/sl\/#organization","name":"Poppers Original, Buy Poppers online","url":"https:\/\/poppers-original.com\/sl\/","logo":{"@type":"ImageObject","inLanguage":"sl-SI","@id":"https:\/\/poppers-original.com\/sl\/#\/schema\/logo\/image\/","url":"https:\/\/poppers-original.com\/wp-content\/uploads\/2023\/05\/poppers-original-logo.png","contentUrl":"https:\/\/poppers-original.com\/wp-content\/uploads\/2023\/05\/poppers-original-logo.png","width":790,"height":150,"caption":"Poppers Original, Buy Poppers online"},"image":{"@id":"https:\/\/poppers-original.com\/sl\/#\/schema\/logo\/image\/"}}]}},"_links":{"self":[{"href":"https:\/\/poppers-original.com\/sl\/wp-json\/wp\/v2\/pages\/8984","targetHints":{"allow":["GET"]}}],"collection":[{"href":"https:\/\/poppers-original.com\/sl\/wp-json\/wp\/v2\/pages"}],"about":[{"href":"https:\/\/poppers-original.com\/sl\/wp-json\/wp\/v2\/types\/page"}],"author":[{"embeddable":true,"href":"https:\/\/poppers-original.com\/sl\/wp-json\/wp\/v2\/users\/6"}],"replies":[{"embeddable":true,"href":"https:\/\/poppers-original.com\/sl\/wp-json\/wp\/v2\/comments?post=8984"}],"version-history":[{"count":14,"href":"https:\/\/poppers-original.com\/sl\/wp-json\/wp\/v2\/pages\/8984\/revisions"}],"predecessor-version":[{"id":9000,"href":"https:\/\/poppers-original.com\/sl\/wp-json\/wp\/v2\/pages\/8984\/revisions\/9000"}],"wp:attachment":[{"href":"https:\/\/poppers-original.com\/sl\/wp-json\/wp\/v2\/media?parent=8984"}],"curies":[{"name":"wp","href":"https:\/\/api.w.org\/{rel}","templated":true}]}}