{"id":8947,"date":"2023-09-17T15:56:14","date_gmt":"2023-09-17T14:56:14","guid":{"rendered":"https:\/\/poppers-original.com\/customer-service\/"},"modified":"2026-02-17T11:42:37","modified_gmt":"2026-02-17T10:42:37","slug":"customer-service","status":"publish","type":"page","link":"https:\/\/poppers-original.com\/sl\/customer-service\/","title":{"rendered":"Podpora strankam"},"content":{"rendered":"\t\t<div data-elementor-type=\"wp-page\" data-elementor-id=\"8947\" class=\"elementor elementor-8947 elementor-6371\">\n\t\t\t\t\t\t<section class=\"elementor-section elementor-top-section elementor-element elementor-element-8c0cf44 elementor-section-boxed elementor-section-height-default elementor-section-height-default\" data-id=\"8c0cf44\" data-element_type=\"section\" data-e-type=\"section\">\n\t\t\t\t\t\t<div class=\"elementor-container elementor-column-gap-default\">\n\t\t\t\t\t<div class=\"elementor-column elementor-col-100 elementor-top-column elementor-element elementor-element-b4c0e03\" data-id=\"b4c0e03\" data-element_type=\"column\" data-e-type=\"column\">\n\t\t\t<div class=\"elementor-widget-wrap elementor-element-populated\">\n\t\t\t\t\t\t<div class=\"elementor-element elementor-element-a757dd9 elementor-widget elementor-widget-text-editor\" data-id=\"a757dd9\" data-element_type=\"widget\" data-e-type=\"widget\" data-widget_type=\"text-editor.default\">\n\t\t\t\t<div class=\"elementor-widget-container\">\n\t\t\t\t\t\t\t\t\tV spletni trgovini <strong>Poppers Original<\/strong> nam glavni cilj nikakor ni samo prodaja certificiranih blagovnih znamk \u010distil za usnje ampak \u017eelimo nuditi najbolj\u0161o mo\u017eno izku\u0161njo na\u0161im strankam. Imate vpra\u0161anje ali potrebujete pomo\u010d pri nakupovanju? Ne \u010dakajte in nas kontaktirajte. Sporo\u010dilo nam lahko po\u0161ljete preko spodnjega obrazca ali pa nam po\u0161ljite neposredno elektronsko sporo\u010dilo na <a href=\"mailto:info@poppers-original.com\" target=\"_new\">info@poppers-original.com<\/a>. Obljubimo, da vam bomo odgovorili najkasneje v 24 urah. \t\t\t\t\t\t\t\t<\/div>\n\t\t\t\t<\/div>\n\t\t\t\t\t<\/div>\n\t\t<\/div>\n\t\t\t\t\t<\/div>\n\t\t<\/section>\n\t\t\t\t<section class=\"elementor-section elementor-top-section elementor-element elementor-element-279086d elementor-section-boxed elementor-section-height-default elementor-section-height-default\" data-id=\"279086d\" data-element_type=\"section\" data-e-type=\"section\">\n\t\t\t\t\t\t<div class=\"elementor-container elementor-column-gap-default\">\n\t\t\t\t\t<div class=\"elementor-column elementor-col-100 elementor-top-column elementor-element elementor-element-04ab887\" data-id=\"04ab887\" data-element_type=\"column\" data-e-type=\"column\">\n\t\t\t<div class=\"elementor-widget-wrap elementor-element-populated\">\n\t\t\t\t\t\t<div class=\"elementor-element elementor-element-7bc36c5 elementor-widget elementor-widget-text-editor\" data-id=\"7bc36c5\" data-element_type=\"widget\" data-e-type=\"widget\" data-widget_type=\"text-editor.default\">\n\t\t\t\t<div class=\"elementor-widget-container\">\n\t\t\t\t\t\t\t\t\t<h2>Kontaktirajte nas<\/h2><p>Tukaj smo, da vam pomagamo! \u010ce imate kakr\u0161na koli vpra\u0161anja ali potrebujete pomo\u010d, se lahko obrnete na nas prek katerega koli od naslednjih kanalov:<\/p><h3>Elektronska po\u0161ta<\/h3><p>Pi\u0161ite nam na <a style=\"color: #1a0dab; text-decoration: underline;\" href=\"mailto:info@poppers-original.com\">info@poppers-original.com<\/a> in odgovorili vam bomo v najkraj\u0161em mo\u017enem \u010dasu.<\/p><h3>Instant Messaging<\/h3><p>Raje uporabljate priljubljene aplikacije? Kontaktirajte nas preko:<\/p><ul><li><strong>WhatsApp:<\/strong> <a style=\"color: #25d366; text-decoration: underline;\" title=\"Contact us on WhatsApp\" href=\"https:\/\/wa.me\/+38640787805\" target=\"_blank\" rel=\"noopener\">Po\u0161ljite sporo\u010dilo<\/a><\/li><\/ul>\t\t\t\t\t\t\t\t<\/div>\n\t\t\t\t<\/div>\n\t\t\t\t\t<\/div>\n\t\t<\/div>\n\t\t\t\t\t<\/div>\n\t\t<\/section>\n\t\t\t\t<section class=\"elementor-section elementor-top-section elementor-element elementor-element-7810de1 elementor-section-boxed elementor-section-height-default elementor-section-height-default\" data-id=\"7810de1\" data-element_type=\"section\" data-e-type=\"section\">\n\t\t\t\t\t\t<div class=\"elementor-container elementor-column-gap-default\">\n\t\t\t\t\t<div class=\"elementor-column elementor-col-100 elementor-top-column elementor-element elementor-element-106b237\" data-id=\"106b237\" data-element_type=\"column\" data-e-type=\"column\">\n\t\t\t<div class=\"elementor-widget-wrap elementor-element-populated\">\n\t\t\t\t\t\t<div class=\"elementor-element elementor-element-5199b24 elementor-widget elementor-widget-spacer\" data-id=\"5199b24\" data-element_type=\"widget\" data-e-type=\"widget\" data-widget_type=\"spacer.default\">\n\t\t\t\t<div class=\"elementor-widget-container\">\n\t\t\t\t\t\t\t<div class=\"elementor-spacer\">\n\t\t\t<div class=\"elementor-spacer-inner\"><\/div>\n\t\t<\/div>\n\t\t\t\t\t\t<\/div>\n\t\t\t\t<\/div>\n\t\t\t\t\t<\/div>\n\t\t<\/div>\n\t\t\t\t\t<\/div>\n\t\t<\/section>\n\t\t\t\t<\/div>\n\t\t","protected":false},"excerpt":{"rendered":"<p>V spletni trgovini Poppers Original nam glavni cilj nikakor ni samo prodaja certificiranih blagovnih znamk \u010distil za usnje ampak \u017eelimo nuditi najbolj\u0161o mo\u017eno izku\u0161njo na\u0161im strankam. Imate vpra\u0161anje ali potrebujete pomo\u010d pri nakupovanju? Ne \u010dakajte in nas kontaktirajte. Sporo\u010dilo nam lahko po\u0161ljete preko spodnjega obrazca ali pa nam po\u0161ljite neposredno elektronsko sporo\u010dilo na info@poppers-original.com. Obljubimo, [&hellip;]<\/p>\n","protected":false},"author":6,"featured_media":0,"parent":0,"menu_order":0,"comment_status":"closed","ping_status":"closed","template":"","meta":{"_acf_changed":false,"footnotes":""},"class_list":["post-8947","page","type-page","status-publish","hentry"],"acf":[],"yoast_head":"<!-- This site is optimized with the Yoast SEO Premium plugin v27.3 (Yoast SEO v27.3) - https:\/\/yoast.com\/product\/yoast-seo-premium-wordpress\/ -->\n<title>Podpora strankam - USA &amp; UK Poppers Sale, Buy Poppers online<\/title>\n<meta name=\"robots\" content=\"index, follow, max-snippet:-1, max-image-preview:large, max-video-preview:-1\" \/>\n<link rel=\"canonical\" href=\"https:\/\/poppers-original.com\/sl\/customer-service\/\" \/>\n<meta property=\"og:locale\" content=\"sl_SI\" \/>\n<meta property=\"og:type\" content=\"article\" \/>\n<meta property=\"og:title\" content=\"Podpora strankam\" \/>\n<meta property=\"og:description\" content=\"V spletni trgovini Poppers Original nam glavni cilj nikakor ni samo prodaja certificiranih blagovnih znamk \u010distil za usnje ampak \u017eelimo nuditi najbolj\u0161o mo\u017eno izku\u0161njo na\u0161im strankam. Imate vpra\u0161anje ali potrebujete pomo\u010d pri nakupovanju? Ne \u010dakajte in nas kontaktirajte. Sporo\u010dilo nam lahko po\u0161ljete preko spodnjega obrazca ali pa nam po\u0161ljite neposredno elektronsko sporo\u010dilo na info@poppers-original.com. Obljubimo, [&hellip;]\" \/>\n<meta property=\"og:url\" content=\"https:\/\/poppers-original.com\/sl\/customer-service\/\" \/>\n<meta property=\"og:site_name\" content=\"USA &amp; UK Poppers Sale, Buy Poppers online\" \/>\n<meta property=\"article:modified_time\" content=\"2026-02-17T10:42:37+00:00\" \/>\n<meta name=\"twitter:card\" content=\"summary_large_image\" \/>\n<meta name=\"twitter:label1\" content=\"Est. reading time\" \/>\n\t<meta name=\"twitter:data1\" content=\"1 minuta\" \/>\n<script type=\"application\/ld+json\" class=\"yoast-schema-graph\">{\"@context\":\"https:\\\/\\\/schema.org\",\"@graph\":[{\"@type\":\"WebPage\",\"@id\":\"https:\\\/\\\/poppers-original.com\\\/sl\\\/customer-service\\\/\",\"url\":\"https:\\\/\\\/poppers-original.com\\\/sl\\\/customer-service\\\/\",\"name\":\"Podpora strankam - USA &amp; UK Poppers Sale, Buy Poppers online\",\"isPartOf\":{\"@id\":\"https:\\\/\\\/poppers-original.com\\\/sl\\\/#website\"},\"datePublished\":\"2023-09-17T14:56:14+00:00\",\"dateModified\":\"2026-02-17T10:42:37+00:00\",\"breadcrumb\":{\"@id\":\"https:\\\/\\\/poppers-original.com\\\/sl\\\/customer-service\\\/#breadcrumb\"},\"inLanguage\":\"sl-SI\",\"potentialAction\":[{\"@type\":\"ReadAction\",\"target\":[\"https:\\\/\\\/poppers-original.com\\\/sl\\\/customer-service\\\/\"]}]},{\"@type\":\"BreadcrumbList\",\"@id\":\"https:\\\/\\\/poppers-original.com\\\/sl\\\/customer-service\\\/#breadcrumb\",\"itemListElement\":[{\"@type\":\"ListItem\",\"position\":1,\"name\":\"Home\",\"item\":\"https:\\\/\\\/poppers-original.com\\\/sl\\\/\"},{\"@type\":\"ListItem\",\"position\":2,\"name\":\"Podpora strankam\"}]},{\"@type\":\"WebSite\",\"@id\":\"https:\\\/\\\/poppers-original.com\\\/sl\\\/#website\",\"url\":\"https:\\\/\\\/poppers-original.com\\\/sl\\\/\",\"name\":\"Poppers Original, Buy Poppers online\",\"description\":\"Poppers Original\",\"publisher\":{\"@id\":\"https:\\\/\\\/poppers-original.com\\\/sl\\\/#organization\"},\"potentialAction\":[{\"@type\":\"SearchAction\",\"target\":{\"@type\":\"EntryPoint\",\"urlTemplate\":\"https:\\\/\\\/poppers-original.com\\\/sl\\\/?s={search_term_string}\"},\"query-input\":{\"@type\":\"PropertyValueSpecification\",\"valueRequired\":true,\"valueName\":\"search_term_string\"}}],\"inLanguage\":\"sl-SI\"},{\"@type\":\"Organization\",\"@id\":\"https:\\\/\\\/poppers-original.com\\\/sl\\\/#organization\",\"name\":\"Poppers Original, Buy Poppers online\",\"url\":\"https:\\\/\\\/poppers-original.com\\\/sl\\\/\",\"logo\":{\"@type\":\"ImageObject\",\"inLanguage\":\"sl-SI\",\"@id\":\"https:\\\/\\\/poppers-original.com\\\/sl\\\/#\\\/schema\\\/logo\\\/image\\\/\",\"url\":\"https:\\\/\\\/poppers-original.com\\\/wp-content\\\/uploads\\\/2023\\\/05\\\/poppers-original-logo.png\",\"contentUrl\":\"https:\\\/\\\/poppers-original.com\\\/wp-content\\\/uploads\\\/2023\\\/05\\\/poppers-original-logo.png\",\"width\":790,\"height\":150,\"caption\":\"Poppers Original, Buy Poppers online\"},\"image\":{\"@id\":\"https:\\\/\\\/poppers-original.com\\\/sl\\\/#\\\/schema\\\/logo\\\/image\\\/\"}}]}<\/script>\n<!-- \/ Yoast SEO Premium plugin. -->","yoast_head_json":{"title":"Podpora strankam - USA &amp; UK Poppers Sale, Buy Poppers online","robots":{"index":"index","follow":"follow","max-snippet":"max-snippet:-1","max-image-preview":"max-image-preview:large","max-video-preview":"max-video-preview:-1"},"canonical":"https:\/\/poppers-original.com\/sl\/customer-service\/","og_locale":"sl_SI","og_type":"article","og_title":"Podpora strankam","og_description":"V spletni trgovini Poppers Original nam glavni cilj nikakor ni samo prodaja certificiranih blagovnih znamk \u010distil za usnje ampak \u017eelimo nuditi najbolj\u0161o mo\u017eno izku\u0161njo na\u0161im strankam. Imate vpra\u0161anje ali potrebujete pomo\u010d pri nakupovanju? Ne \u010dakajte in nas kontaktirajte. Sporo\u010dilo nam lahko po\u0161ljete preko spodnjega obrazca ali pa nam po\u0161ljite neposredno elektronsko sporo\u010dilo na info@poppers-original.com. Obljubimo, [&hellip;]","og_url":"https:\/\/poppers-original.com\/sl\/customer-service\/","og_site_name":"USA &amp; UK Poppers Sale, Buy Poppers online","article_modified_time":"2026-02-17T10:42:37+00:00","twitter_card":"summary_large_image","twitter_misc":{"Est. reading time":"1 minuta"},"schema":{"@context":"https:\/\/schema.org","@graph":[{"@type":"WebPage","@id":"https:\/\/poppers-original.com\/sl\/customer-service\/","url":"https:\/\/poppers-original.com\/sl\/customer-service\/","name":"Podpora strankam - USA &amp; UK Poppers Sale, Buy Poppers online","isPartOf":{"@id":"https:\/\/poppers-original.com\/sl\/#website"},"datePublished":"2023-09-17T14:56:14+00:00","dateModified":"2026-02-17T10:42:37+00:00","breadcrumb":{"@id":"https:\/\/poppers-original.com\/sl\/customer-service\/#breadcrumb"},"inLanguage":"sl-SI","potentialAction":[{"@type":"ReadAction","target":["https:\/\/poppers-original.com\/sl\/customer-service\/"]}]},{"@type":"BreadcrumbList","@id":"https:\/\/poppers-original.com\/sl\/customer-service\/#breadcrumb","itemListElement":[{"@type":"ListItem","position":1,"name":"Home","item":"https:\/\/poppers-original.com\/sl\/"},{"@type":"ListItem","position":2,"name":"Podpora strankam"}]},{"@type":"WebSite","@id":"https:\/\/poppers-original.com\/sl\/#website","url":"https:\/\/poppers-original.com\/sl\/","name":"Poppers Original, Buy Poppers online","description":"Poppers Original","publisher":{"@id":"https:\/\/poppers-original.com\/sl\/#organization"},"potentialAction":[{"@type":"SearchAction","target":{"@type":"EntryPoint","urlTemplate":"https:\/\/poppers-original.com\/sl\/?s={search_term_string}"},"query-input":{"@type":"PropertyValueSpecification","valueRequired":true,"valueName":"search_term_string"}}],"inLanguage":"sl-SI"},{"@type":"Organization","@id":"https:\/\/poppers-original.com\/sl\/#organization","name":"Poppers Original, Buy Poppers online","url":"https:\/\/poppers-original.com\/sl\/","logo":{"@type":"ImageObject","inLanguage":"sl-SI","@id":"https:\/\/poppers-original.com\/sl\/#\/schema\/logo\/image\/","url":"https:\/\/poppers-original.com\/wp-content\/uploads\/2023\/05\/poppers-original-logo.png","contentUrl":"https:\/\/poppers-original.com\/wp-content\/uploads\/2023\/05\/poppers-original-logo.png","width":790,"height":150,"caption":"Poppers Original, Buy Poppers online"},"image":{"@id":"https:\/\/poppers-original.com\/sl\/#\/schema\/logo\/image\/"}}]}},"_links":{"self":[{"href":"https:\/\/poppers-original.com\/sl\/wp-json\/wp\/v2\/pages\/8947","targetHints":{"allow":["GET"]}}],"collection":[{"href":"https:\/\/poppers-original.com\/sl\/wp-json\/wp\/v2\/pages"}],"about":[{"href":"https:\/\/poppers-original.com\/sl\/wp-json\/wp\/v2\/types\/page"}],"author":[{"embeddable":true,"href":"https:\/\/poppers-original.com\/sl\/wp-json\/wp\/v2\/users\/6"}],"replies":[{"embeddable":true,"href":"https:\/\/poppers-original.com\/sl\/wp-json\/wp\/v2\/comments?post=8947"}],"version-history":[{"count":17,"href":"https:\/\/poppers-original.com\/sl\/wp-json\/wp\/v2\/pages\/8947\/revisions"}],"predecessor-version":[{"id":13363,"href":"https:\/\/poppers-original.com\/sl\/wp-json\/wp\/v2\/pages\/8947\/revisions\/13363"}],"wp:attachment":[{"href":"https:\/\/poppers-original.com\/sl\/wp-json\/wp\/v2\/media?parent=8947"}],"curies":[{"name":"wp","href":"https:\/\/api.w.org\/{rel}","templated":true}]}}